{"id":7158,"date":"2024-03-29T16:47:13","date_gmt":"2024-03-29T20:47:13","guid":{"rendered":"https:\/\/www.optalent.bluehat.hosting\/a-propos-de-nous\/"},"modified":"2025-06-13T10:57:25","modified_gmt":"2025-06-13T14:57:25","slug":"a-propos-de-nous","status":"publish","type":"page","link":"https:\/\/www.optalent.ca\/fr\/a-propos-de-nous\/","title":{"rendered":"\u00c0 propos de nous"},"content":{"rendered":"\t\t<div data-elementor-type=\"wp-page\" data-elementor-id=\"7158\" class=\"elementor elementor-7158 elementor-562\" data-elementor-post-type=\"page\">\n\t\t\t\t<div class=\"elementor-element elementor-element-492aac0 e-flex e-con-boxed e-con e-parent\" data-id=\"492aac0\" data-element_type=\"container\" data-e-type=\"container\" data-settings=\"{&quot;background_background&quot;:&quot;classic&quot;}\">\n\t\t\t\t\t<div class=\"e-con-inner\">\n\t\t<div class=\"elementor-element elementor-element-4c1f124 e-con-full e-flex e-con e-child\" data-id=\"4c1f124\" data-element_type=\"container\" data-e-type=\"container\">\n\t\t\t\t<div class=\"elementor-element elementor-element-a367254 elementor-widget elementor-widget-heading\" data-id=\"a367254\" data-element_type=\"widget\" data-e-type=\"widget\" data-widget_type=\"heading.default\">\n\t\t\t\t<div class=\"elementor-widget-container\">\n\t\t\t\t\t<h6 class=\"elementor-heading-title elementor-size-default\">Notre entreprise  <\/h6>\t\t\t\t<\/div>\n\t\t\t\t<\/div>\n\t\t\t\t<div class=\"elementor-element elementor-element-2fcacb8 elementor-widget elementor-widget-heading\" data-id=\"2fcacb8\" data-element_type=\"widget\" data-e-type=\"widget\" data-widget_type=\"heading.default\">\n\t\t\t\t<div class=\"elementor-widget-container\">\n\t\t\t\t\t<h2 class=\"elementor-heading-title elementor-size-default\">\u00c0 propos de nous<\/h2>\t\t\t\t<\/div>\n\t\t\t\t<\/div>\n\t\t\t\t<\/div>\n\t\t<div class=\"elementor-element elementor-element-2840c74 e-con-full e-flex e-con e-child\" data-id=\"2840c74\" data-element_type=\"container\" data-e-type=\"container\">\n\t\t\t\t<div class=\"elementor-element elementor-element-66b1f2c elementor-widget elementor-widget-text-editor\" data-id=\"66b1f2c\" data-element_type=\"widget\" data-e-type=\"widget\" data-widget_type=\"text-editor.default\">\n\t\t\t\t<div class=\"elementor-widget-container\">\n\t\t\t\t\t\t\t\t\t\nD\u00e9couvrez ce que nos clients et candidats satisfaits ont \u00e0 dire sur leurs exp\u00e9riences avec OpTalent. Lisez les t\u00e9moignages qui illustrent notre engagement en faveur de l&rsquo;excellence et notre capacit\u00e9 \u00e0 fournir des r\u00e9sultats exceptionnels.  \t\t\t\t\t\t\t\t<\/div>\n\t\t\t\t<\/div>\n\t\t\t\t<\/div>\n\t\t\t\t\t<\/div>\n\t\t\t\t<\/div>\n\t\t<div class=\"elementor-element elementor-element-956b9b2 e-flex e-con-boxed e-con e-parent\" data-id=\"956b9b2\" data-element_type=\"container\" data-e-type=\"container\">\n\t\t\t\t\t<div class=\"e-con-inner\">\n\t\t<div class=\"elementor-element elementor-element-bcc4d38 e-con-full e-flex e-con e-child\" data-id=\"bcc4d38\" data-element_type=\"container\" data-e-type=\"container\">\n\t\t<div class=\"elementor-element elementor-element-0336485 e-con-full e-flex e-con e-child\" data-id=\"0336485\" data-element_type=\"container\" data-e-type=\"container\">\n\t\t\t\t<div class=\"elementor-element elementor-element-e4bdfab elementor-widget elementor-widget-heading\" data-id=\"e4bdfab\" data-element_type=\"widget\" data-e-type=\"widget\" data-widget_type=\"heading.default\">\n\t\t\t\t<div class=\"elementor-widget-container\">\n\t\t\t\t\t<h3 class=\"elementor-heading-title elementor-size-default\">Qui sommes-nous ?  <\/h3>\t\t\t\t<\/div>\n\t\t\t\t<\/div>\n\t\t<div class=\"elementor-element elementor-element-6419530 e-flex e-con-boxed e-con e-child\" data-id=\"6419530\" data-element_type=\"container\" data-e-type=\"container\">\n\t\t\t\t\t<div class=\"e-con-inner\">\n\t\t\t\t<div class=\"elementor-element elementor-element-dbc47d5 elementor-widget elementor-widget-text-editor\" data-id=\"dbc47d5\" data-element_type=\"widget\" data-e-type=\"widget\" data-widget_type=\"text-editor.default\">\n\t\t\t\t<div class=\"elementor-widget-container\">\n\t\t\t\t\t\t\t\t\tOpTalent est une \u00e9quipe compos\u00e9e d&rsquo;experts en recrutement passionn\u00e9s par les ressources humaines. Notre vaste exp\u00e9rience nous permet de comprendre les v\u00e9ritables enjeux li\u00e9s au recrutement.  \t\t\t\t\t\t\t\t<\/div>\n\t\t\t\t<\/div>\n\t\t\t\t<div class=\"elementor-element elementor-element-48194e2 elementor-widget elementor-widget-heading\" data-id=\"48194e2\" data-element_type=\"widget\" data-e-type=\"widget\" data-widget_type=\"heading.default\">\n\t\t\t\t<div class=\"elementor-widget-container\">\n\t\t\t\t\t<h3 class=\"elementor-heading-title elementor-size-default\">Notre mission  <\/h3>\t\t\t\t<\/div>\n\t\t\t\t<\/div>\n\t\t\t\t<div class=\"elementor-element elementor-element-1b10df5 elementor-widget elementor-widget-text-editor\" data-id=\"1b10df5\" data-element_type=\"widget\" data-e-type=\"widget\" data-widget_type=\"text-editor.default\">\n\t\t\t\t<div class=\"elementor-widget-container\">\n\t\t\t\t\t\t\t\t\tLa mission d&rsquo;OpTalent est de pr\u00e9senter les candidats les plus talentueux \u00e0 nos clients afin d&rsquo;am\u00e9liorer de mani\u00e8re significative la productivit\u00e9 de leur entreprise.\t\t\t\t\t\t\t\t<\/div>\n\t\t\t\t<\/div>\n\t\t\t\t\t<\/div>\n\t\t\t\t<\/div>\n\t\t\t\t<\/div>\n\t\t<div class=\"elementor-element elementor-element-67e3e7b e-con-full e-flex e-con e-child\" data-id=\"67e3e7b\" data-element_type=\"container\" data-e-type=\"container\">\n\t\t\t\t<div class=\"elementor-element elementor-element-ffdf4d8 elementor-widget elementor-widget-image\" data-id=\"ffdf4d8\" data-element_type=\"widget\" data-e-type=\"widget\" data-widget_type=\"image.default\">\n\t\t\t\t<div class=\"elementor-widget-container\">\n\t\t\t\t\t\t\t\t\t\t\t\t\t\t\t<img fetchpriority=\"high\" decoding=\"async\" width=\"500\" height=\"333\" src=\"https:\/\/www.optalent.ca\/wp-content\/uploads\/2024\/05\/93058301-1.jpg\" class=\"attachment-full size-full wp-image-7119\" alt=\"About us\" srcset=\"https:\/\/www.optalent.ca\/wp-content\/uploads\/2024\/05\/93058301-1.jpg 500w, https:\/\/www.optalent.ca\/wp-content\/uploads\/2024\/05\/93058301-1-300x200.jpg 300w, https:\/\/www.optalent.ca\/wp-content\/uploads\/2024\/05\/93058301-1-18x12.jpg 18w\" sizes=\"(max-width: 500px) 100vw, 500px\" \/>\t\t\t\t\t\t\t\t\t\t\t\t\t\t\t<\/div>\n\t\t\t\t<\/div>\n\t\t\t\t<\/div>\n\t\t\t\t<\/div>\n\t\t\t\t\t<\/div>\n\t\t\t\t<\/div>\n\t\t<div class=\"elementor-element elementor-element-c0c2e79 e-flex e-con-boxed e-con e-parent\" data-id=\"c0c2e79\" data-element_type=\"container\" data-e-type=\"container\">\n\t\t\t\t\t<div class=\"e-con-inner\">\n\t\t<div class=\"elementor-element elementor-element-ef9f7d0 e-con-full e-flex e-con e-child\" data-id=\"ef9f7d0\" data-element_type=\"container\" data-e-type=\"container\">\n\t\t<div class=\"elementor-element elementor-element-e5d3459 e-con-full e-flex e-con e-child\" data-id=\"e5d3459\" data-element_type=\"container\" data-e-type=\"container\">\n\t\t\t\t<div class=\"elementor-element elementor-element-9b6fb12 elementor-widget elementor-widget-image\" data-id=\"9b6fb12\" data-element_type=\"widget\" data-e-type=\"widget\" data-widget_type=\"image.default\">\n\t\t\t\t<div class=\"elementor-widget-container\">\n\t\t\t\t\t\t\t\t\t\t\t\t\t\t\t<img decoding=\"async\" width=\"500\" height=\"282\" src=\"https:\/\/www.optalent.ca\/wp-content\/uploads\/2024\/05\/Blog-Images-1-ST-blog-image-2-min-1135x640-1.jpeg\" class=\"attachment-full size-full wp-image-7118\" alt=\"About us\" srcset=\"https:\/\/www.optalent.ca\/wp-content\/uploads\/2024\/05\/Blog-Images-1-ST-blog-image-2-min-1135x640-1.jpeg 500w, https:\/\/www.optalent.ca\/wp-content\/uploads\/2024\/05\/Blog-Images-1-ST-blog-image-2-min-1135x640-1-300x169.jpeg 300w, https:\/\/www.optalent.ca\/wp-content\/uploads\/2024\/05\/Blog-Images-1-ST-blog-image-2-min-1135x640-1-18x10.jpeg 18w\" sizes=\"(max-width: 500px) 100vw, 500px\" \/>\t\t\t\t\t\t\t\t\t\t\t\t\t\t\t<\/div>\n\t\t\t\t<\/div>\n\t\t\t\t<\/div>\n\t\t<div class=\"elementor-element elementor-element-6f180a2 e-con-full e-flex e-con e-child\" data-id=\"6f180a2\" data-element_type=\"container\" data-e-type=\"container\">\n\t\t\t\t<div class=\"elementor-element elementor-element-4079456 elementor-widget elementor-widget-heading\" data-id=\"4079456\" data-element_type=\"widget\" data-e-type=\"widget\" data-widget_type=\"heading.default\">\n\t\t\t\t<div class=\"elementor-widget-container\">\n\t\t\t\t\t<h3 class=\"elementor-heading-title elementor-size-default\">Notre engagement  <\/h3>\t\t\t\t<\/div>\n\t\t\t\t<\/div>\n\t\t\t\t<div class=\"elementor-element elementor-element-a20a0f1 elementor-widget elementor-widget-text-editor\" data-id=\"a20a0f1\" data-element_type=\"widget\" data-e-type=\"widget\" data-widget_type=\"text-editor.default\">\n\t\t\t\t<div class=\"elementor-widget-container\">\n\t\t\t\t\t\t\t\t\tNous nous engageons \u00e0 fournir des services personnalis\u00e9s de qualit\u00e9, bas\u00e9s sur les besoins sp\u00e9cifiques de nos clients, en donnant la priorit\u00e9 \u00e0 leur pleine satisfaction en termes de qualit\u00e9 des employ\u00e9s potentiels. Soutenus par des processus rigoureux, nous sommes constamment anim\u00e9s par le d\u00e9sir et l&rsquo;obligation de trouver et de r\u00e9f\u00e9rencer les meilleurs talents techniques afin de contribuer \u00e0 l&rsquo;augmentation de la performance de votre entreprise. Nous nous engageons \u00e9galement \u00e0 \u00e9tablir des relations durables avec nos clients, fond\u00e9es sur la confiance, l&rsquo;\u00e9coute, la compr\u00e9hension des besoins, la comp\u00e9tence, l&rsquo;efficacit\u00e9 et le d\u00e9vouement.\t\t\t\t\t\t\t\t<\/div>\n\t\t\t\t<\/div>\n\t\t\t\t<\/div>\n\t\t\t\t<\/div>\n\t\t\t\t\t<\/div>\n\t\t\t\t<\/div>\n\t\t\t\t<\/div>\n\t\t","protected":false},"excerpt":{"rendered":"<p>Notre entreprise D\u00e9couvrez ce que nos clients et candidats satisfaits ont \u00e0 dire sur leurs exp\u00e9riences avec OpTalent. Lisez les [&hellip;]<\/p>\n","protected":false},"author":1,"featured_media":7018,"parent":0,"menu_order":0,"comment_status":"closed","ping_status":"closed","template":"","meta":{"site-sidebar-layout":"no-sidebar","site-content-layout":"","ast-site-content-layout":"full-width-container","site-content-style":"default","site-sidebar-style":"default","ast-global-header-display":"","ast-banner-title-visibility":"","ast-main-header-display":"","ast-hfb-above-header-display":"","ast-hfb-below-header-display":"","ast-hfb-mobile-header-display":"","site-post-title":"disabled","ast-breadcrumbs-content":"","ast-featured-img":"disabled","footer-sml-layout":"","ast-disable-related-posts":"","theme-transparent-header-meta":"","adv-header-id-meta":"","stick-header-meta":"","header-above-stick-meta":"","header-main-stick-meta":"","header-below-stick-meta":"","astra-migrate-meta-layouts":"default","ast-page-background-enabled":"default","ast-page-background-meta":{"desktop":{"background-color":"var(--ast-global-color-4)","background-image":"","background-repeat":"repeat","background-position":"center center","background-size":"auto","background-attachment":"scroll","background-type":"","background-media":"","overlay-type":"","overlay-color":"","overlay-opacity":"","overlay-gradient":""},"tablet":{"background-color":"","background-image":"","background-repeat":"repeat","background-position":"center center","background-size":"auto","background-attachment":"scroll","background-type":"","background-media":"","overlay-type":"","overlay-color":"","overlay-opacity":"","overlay-gradient":""},"mobile":{"background-color":"","background-image":"","background-repeat":"repeat","background-position":"center center","background-size":"auto","background-attachment":"scroll","background-type":"","background-media":"","overlay-type":"","overlay-color":"","overlay-opacity":"","overlay-gradient":""}},"ast-content-background-meta":{"desktop":{"background-color":"var(--ast-global-color-5)","background-image":"","background-repeat":"repeat","background-position":"center center","background-size":"auto","background-attachment":"scroll","background-type":"","background-media":"","overlay-type":"","overlay-color":"","overlay-opacity":"","overlay-gradient":""},"tablet":{"background-color":"var(--ast-global-color-5)","background-image":"","background-repeat":"repeat","background-position":"center center","background-size":"auto","background-attachment":"scroll","background-type":"","background-media":"","overlay-type":"","overlay-color":"","overlay-opacity":"","overlay-gradient":""},"mobile":{"background-color":"var(--ast-global-color-5)","background-image":"","background-repeat":"repeat","background-position":"center center","background-size":"auto","background-attachment":"scroll","background-type":"","background-media":"","overlay-type":"","overlay-color":"","overlay-opacity":"","overlay-gradient":""}},"footnotes":""},"class_list":["post-7158","page","type-page","status-publish","has-post-thumbnail","hentry"],"yoast_head":"<!-- This site is optimized with the Yoast SEO plugin v27.4 - https:\/\/yoast.com\/product\/yoast-seo-wordpress\/ -->\n<title>\u00c0 propos de nous - OpTalent<\/title>\n<meta name=\"description\" content=\"D\u00e9couvrez OpTalent, cabinet de recrutement sp\u00e9cialis\u00e9. Engagement local, approche humaine, r\u00e9sultats durables. En savoir plus ici.\" \/>\n<meta name=\"robots\" content=\"index, follow, max-snippet:-1, max-image-preview:large, max-video-preview:-1\" \/>\n<link rel=\"canonical\" href=\"https:\/\/www.optalent.ca\/fr\/a-propos-de-nous\/\" \/>\n<meta property=\"og:locale\" content=\"fr_CA\" \/>\n<meta property=\"og:type\" content=\"article\" \/>\n<meta property=\"og:title\" content=\"\u00c0 propos de nous - OpTalent\" \/>\n<meta property=\"og:description\" content=\"D\u00e9couvrez OpTalent, cabinet de recrutement sp\u00e9cialis\u00e9. Engagement local, approche humaine, r\u00e9sultats durables. En savoir plus ici.\" \/>\n<meta property=\"og:url\" content=\"https:\/\/www.optalent.ca\/fr\/a-propos-de-nous\/\" \/>\n<meta property=\"og:site_name\" content=\"OpTalent\" \/>\n<meta property=\"article:publisher\" content=\"https:\/\/www.facebook.com\/optalent\" \/>\n<meta property=\"article:modified_time\" content=\"2025-06-13T14:57:25+00:00\" \/>\n<meta property=\"og:image\" content=\"https:\/\/www.optalent.ca\/wp-content\/uploads\/2024\/03\/AdobeStock_188194248-min.jpeg\" \/>\n\t<meta property=\"og:image:width\" content=\"1020\" \/>\n\t<meta property=\"og:image:height\" content=\"586\" \/>\n\t<meta property=\"og:image:type\" content=\"image\/jpeg\" \/>\n<meta name=\"twitter:card\" content=\"summary_large_image\" \/>\n<meta name=\"twitter:label1\" content=\"Estimation du temps de lecture\" \/>\n\t<meta name=\"twitter:data1\" content=\"2 minutes\" \/>\n<script type=\"application\/ld+json\" class=\"yoast-schema-graph\">{\"@context\":\"https:\\\/\\\/schema.org\",\"@graph\":[{\"@type\":\"WebPage\",\"@id\":\"https:\\\/\\\/www.optalent.ca\\\/fr\\\/a-propos-de-nous\\\/\",\"url\":\"https:\\\/\\\/www.optalent.ca\\\/fr\\\/a-propos-de-nous\\\/\",\"name\":\"\u00c0 propos de nous - OpTalent\",\"isPartOf\":{\"@id\":\"https:\\\/\\\/www.optalent.ca\\\/fr\\\/#website\"},\"primaryImageOfPage\":{\"@id\":\"https:\\\/\\\/www.optalent.ca\\\/fr\\\/a-propos-de-nous\\\/#primaryimage\"},\"image\":{\"@id\":\"https:\\\/\\\/www.optalent.ca\\\/fr\\\/a-propos-de-nous\\\/#primaryimage\"},\"thumbnailUrl\":\"https:\\\/\\\/www.optalent.ca\\\/wp-content\\\/uploads\\\/2024\\\/03\\\/AdobeStock_188194248-min.jpeg\",\"datePublished\":\"2024-03-29T20:47:13+00:00\",\"dateModified\":\"2025-06-13T14:57:25+00:00\",\"description\":\"D\u00e9couvrez OpTalent, cabinet de recrutement sp\u00e9cialis\u00e9. Engagement local, approche humaine, r\u00e9sultats durables. En savoir plus ici.\",\"breadcrumb\":{\"@id\":\"https:\\\/\\\/www.optalent.ca\\\/fr\\\/a-propos-de-nous\\\/#breadcrumb\"},\"inLanguage\":\"fr-CA\",\"potentialAction\":[{\"@type\":\"ReadAction\",\"target\":[\"https:\\\/\\\/www.optalent.ca\\\/fr\\\/a-propos-de-nous\\\/\"]}]},{\"@type\":\"ImageObject\",\"inLanguage\":\"fr-CA\",\"@id\":\"https:\\\/\\\/www.optalent.ca\\\/fr\\\/a-propos-de-nous\\\/#primaryimage\",\"url\":\"https:\\\/\\\/www.optalent.ca\\\/wp-content\\\/uploads\\\/2024\\\/03\\\/AdobeStock_188194248-min.jpeg\",\"contentUrl\":\"https:\\\/\\\/www.optalent.ca\\\/wp-content\\\/uploads\\\/2024\\\/03\\\/AdobeStock_188194248-min.jpeg\",\"width\":1020,\"height\":586,\"caption\":\"About us\"},{\"@type\":\"BreadcrumbList\",\"@id\":\"https:\\\/\\\/www.optalent.ca\\\/fr\\\/a-propos-de-nous\\\/#breadcrumb\",\"itemListElement\":[{\"@type\":\"ListItem\",\"position\":1,\"name\":\"Home\",\"item\":\"https:\\\/\\\/www.optalent.ca\\\/fr\\\/\"},{\"@type\":\"ListItem\",\"position\":2,\"name\":\"\u00c0 propos de nous\"}]},{\"@type\":\"WebSite\",\"@id\":\"https:\\\/\\\/www.optalent.ca\\\/fr\\\/#website\",\"url\":\"https:\\\/\\\/www.optalent.ca\\\/fr\\\/\",\"name\":\"OPTalent\",\"description\":\"Recruitment Partner\",\"publisher\":{\"@id\":\"https:\\\/\\\/www.optalent.ca\\\/fr\\\/#organization\"},\"potentialAction\":[{\"@type\":\"SearchAction\",\"target\":{\"@type\":\"EntryPoint\",\"urlTemplate\":\"https:\\\/\\\/www.optalent.ca\\\/fr\\\/?s={search_term_string}\"},\"query-input\":{\"@type\":\"PropertyValueSpecification\",\"valueRequired\":true,\"valueName\":\"search_term_string\"}}],\"inLanguage\":\"fr-CA\"},{\"@type\":\"Organization\",\"@id\":\"https:\\\/\\\/www.optalent.ca\\\/fr\\\/#organization\",\"name\":\"OPTalent\",\"url\":\"https:\\\/\\\/www.optalent.ca\\\/fr\\\/\",\"logo\":{\"@type\":\"ImageObject\",\"inLanguage\":\"fr-CA\",\"@id\":\"https:\\\/\\\/www.optalent.ca\\\/fr\\\/#\\\/schema\\\/logo\\\/image\\\/\",\"url\":\"https:\\\/\\\/www.optalent.ca\\\/wp-content\\\/uploads\\\/2024\\\/03\\\/Logo_sans_slogan-100.jpg\",\"contentUrl\":\"https:\\\/\\\/www.optalent.ca\\\/wp-content\\\/uploads\\\/2024\\\/03\\\/Logo_sans_slogan-100.jpg\",\"width\":512,\"height\":148,\"caption\":\"OPTalent\"},\"image\":{\"@id\":\"https:\\\/\\\/www.optalent.ca\\\/fr\\\/#\\\/schema\\\/logo\\\/image\\\/\"},\"sameAs\":[\"https:\\\/\\\/www.facebook.com\\\/optalent\",\"https:\\\/\\\/www.linkedin.com\\\/company\\\/optalent-inc\\\/\"]}]}<\/script>\n<!-- \/ Yoast SEO plugin. -->","yoast_head_json":{"title":"\u00c0 propos de nous - OpTalent","description":"D\u00e9couvrez OpTalent, cabinet de recrutement sp\u00e9cialis\u00e9. Engagement local, approche humaine, r\u00e9sultats durables. En savoir plus ici.","robots":{"index":"index","follow":"follow","max-snippet":"max-snippet:-1","max-image-preview":"max-image-preview:large","max-video-preview":"max-video-preview:-1"},"canonical":"https:\/\/www.optalent.ca\/fr\/a-propos-de-nous\/","og_locale":"fr_CA","og_type":"article","og_title":"\u00c0 propos de nous - OpTalent","og_description":"D\u00e9couvrez OpTalent, cabinet de recrutement sp\u00e9cialis\u00e9. Engagement local, approche humaine, r\u00e9sultats durables. En savoir plus ici.","og_url":"https:\/\/www.optalent.ca\/fr\/a-propos-de-nous\/","og_site_name":"OpTalent","article_publisher":"https:\/\/www.facebook.com\/optalent","article_modified_time":"2025-06-13T14:57:25+00:00","og_image":[{"width":1020,"height":586,"url":"https:\/\/www.optalent.ca\/wp-content\/uploads\/2024\/03\/AdobeStock_188194248-min.jpeg","type":"image\/jpeg"}],"twitter_card":"summary_large_image","twitter_misc":{"Estimation du temps de lecture":"2 minutes"},"schema":{"@context":"https:\/\/schema.org","@graph":[{"@type":"WebPage","@id":"https:\/\/www.optalent.ca\/fr\/a-propos-de-nous\/","url":"https:\/\/www.optalent.ca\/fr\/a-propos-de-nous\/","name":"\u00c0 propos de nous - OpTalent","isPartOf":{"@id":"https:\/\/www.optalent.ca\/fr\/#website"},"primaryImageOfPage":{"@id":"https:\/\/www.optalent.ca\/fr\/a-propos-de-nous\/#primaryimage"},"image":{"@id":"https:\/\/www.optalent.ca\/fr\/a-propos-de-nous\/#primaryimage"},"thumbnailUrl":"https:\/\/www.optalent.ca\/wp-content\/uploads\/2024\/03\/AdobeStock_188194248-min.jpeg","datePublished":"2024-03-29T20:47:13+00:00","dateModified":"2025-06-13T14:57:25+00:00","description":"D\u00e9couvrez OpTalent, cabinet de recrutement sp\u00e9cialis\u00e9. Engagement local, approche humaine, r\u00e9sultats durables. En savoir plus ici.","breadcrumb":{"@id":"https:\/\/www.optalent.ca\/fr\/a-propos-de-nous\/#breadcrumb"},"inLanguage":"fr-CA","potentialAction":[{"@type":"ReadAction","target":["https:\/\/www.optalent.ca\/fr\/a-propos-de-nous\/"]}]},{"@type":"ImageObject","inLanguage":"fr-CA","@id":"https:\/\/www.optalent.ca\/fr\/a-propos-de-nous\/#primaryimage","url":"https:\/\/www.optalent.ca\/wp-content\/uploads\/2024\/03\/AdobeStock_188194248-min.jpeg","contentUrl":"https:\/\/www.optalent.ca\/wp-content\/uploads\/2024\/03\/AdobeStock_188194248-min.jpeg","width":1020,"height":586,"caption":"About us"},{"@type":"BreadcrumbList","@id":"https:\/\/www.optalent.ca\/fr\/a-propos-de-nous\/#breadcrumb","itemListElement":[{"@type":"ListItem","position":1,"name":"Home","item":"https:\/\/www.optalent.ca\/fr\/"},{"@type":"ListItem","position":2,"name":"\u00c0 propos de nous"}]},{"@type":"WebSite","@id":"https:\/\/www.optalent.ca\/fr\/#website","url":"https:\/\/www.optalent.ca\/fr\/","name":"OPTalent","description":"Recruitment Partner","publisher":{"@id":"https:\/\/www.optalent.ca\/fr\/#organization"},"potentialAction":[{"@type":"SearchAction","target":{"@type":"EntryPoint","urlTemplate":"https:\/\/www.optalent.ca\/fr\/?s={search_term_string}"},"query-input":{"@type":"PropertyValueSpecification","valueRequired":true,"valueName":"search_term_string"}}],"inLanguage":"fr-CA"},{"@type":"Organization","@id":"https:\/\/www.optalent.ca\/fr\/#organization","name":"OPTalent","url":"https:\/\/www.optalent.ca\/fr\/","logo":{"@type":"ImageObject","inLanguage":"fr-CA","@id":"https:\/\/www.optalent.ca\/fr\/#\/schema\/logo\/image\/","url":"https:\/\/www.optalent.ca\/wp-content\/uploads\/2024\/03\/Logo_sans_slogan-100.jpg","contentUrl":"https:\/\/www.optalent.ca\/wp-content\/uploads\/2024\/03\/Logo_sans_slogan-100.jpg","width":512,"height":148,"caption":"OPTalent"},"image":{"@id":"https:\/\/www.optalent.ca\/fr\/#\/schema\/logo\/image\/"},"sameAs":["https:\/\/www.facebook.com\/optalent","https:\/\/www.linkedin.com\/company\/optalent-inc\/"]}]}},"_links":{"self":[{"href":"https:\/\/www.optalent.ca\/fr\/wp-json\/wp\/v2\/pages\/7158","targetHints":{"allow":["GET"]}}],"collection":[{"href":"https:\/\/www.optalent.ca\/fr\/wp-json\/wp\/v2\/pages"}],"about":[{"href":"https:\/\/www.optalent.ca\/fr\/wp-json\/wp\/v2\/types\/page"}],"author":[{"embeddable":true,"href":"https:\/\/www.optalent.ca\/fr\/wp-json\/wp\/v2\/users\/1"}],"replies":[{"embeddable":true,"href":"https:\/\/www.optalent.ca\/fr\/wp-json\/wp\/v2\/comments?post=7158"}],"version-history":[{"count":3,"href":"https:\/\/www.optalent.ca\/fr\/wp-json\/wp\/v2\/pages\/7158\/revisions"}],"predecessor-version":[{"id":7205,"href":"https:\/\/www.optalent.ca\/fr\/wp-json\/wp\/v2\/pages\/7158\/revisions\/7205"}],"wp:featuredmedia":[{"embeddable":true,"href":"https:\/\/www.optalent.ca\/fr\/wp-json\/wp\/v2\/media\/7018"}],"wp:attachment":[{"href":"https:\/\/www.optalent.ca\/fr\/wp-json\/wp\/v2\/media?parent=7158"}],"curies":[{"name":"wp","href":"https:\/\/api.w.org\/{rel}","templated":true}]}}