{"id":7327,"date":"2024-03-30T14:02:30","date_gmt":"2024-03-30T18:02:30","guid":{"rendered":"https:\/\/www.optalent.bluehat.hosting\/sales-marketing\/"},"modified":"2025-10-01T10:24:04","modified_gmt":"2025-10-01T14:24:04","slug":"marketing-des-ventes","status":"publish","type":"page","link":"https:\/\/www.optalent.ca\/fr\/marketing-des-ventes\/","title":{"rendered":"Ventes et marketing"},"content":{"rendered":"\t\t<div data-elementor-type=\"wp-page\" data-elementor-id=\"7327\" class=\"elementor elementor-7327 elementor-1060\" data-elementor-post-type=\"page\">\n\t\t\t\t<div class=\"elementor-element elementor-element-49a4c1f e-flex e-con-boxed e-con e-parent\" data-id=\"49a4c1f\" data-element_type=\"container\" data-e-type=\"container\" data-settings=\"{&quot;background_background&quot;:&quot;classic&quot;}\">\n\t\t\t\t\t<div class=\"e-con-inner\">\n\t\t<div class=\"elementor-element elementor-element-5af74af e-con-full e-flex e-con e-child\" data-id=\"5af74af\" data-element_type=\"container\" data-e-type=\"container\">\n\t\t\t\t<div class=\"elementor-element elementor-element-efd8b9f elementor-widget elementor-widget-heading\" data-id=\"efd8b9f\" data-element_type=\"widget\" data-e-type=\"widget\" data-widget_type=\"heading.default\">\n\t\t\t\t<div class=\"elementor-widget-container\">\n\t\t\t\t\t<h6 class=\"elementor-heading-title elementor-size-default\">Nos Expertises\n<\/h6>\t\t\t\t<\/div>\n\t\t\t\t<\/div>\n\t\t\t\t<div class=\"elementor-element elementor-element-73ba718 elementor-widget elementor-widget-heading\" data-id=\"73ba718\" data-element_type=\"widget\" data-e-type=\"widget\" data-widget_type=\"heading.default\">\n\t\t\t\t<div class=\"elementor-widget-container\">\n\t\t\t\t\t<h2 class=\"elementor-heading-title elementor-size-default\">Ventes et marketing\n<\/h2>\t\t\t\t<\/div>\n\t\t\t\t<\/div>\n\t\t\t\t<\/div>\n\t\t<div class=\"elementor-element elementor-element-29753d6 e-con-full e-flex e-con e-child\" data-id=\"29753d6\" data-element_type=\"container\" data-e-type=\"container\">\n\t\t\t\t<div class=\"elementor-element elementor-element-9d97078 elementor-widget elementor-widget-text-editor\" data-id=\"9d97078\" data-element_type=\"widget\" data-e-type=\"widget\" data-widget_type=\"text-editor.default\">\n\t\t\t\t<div class=\"elementor-widget-container\">\n\t\t\t\t\t\t\t\t\t<p>\u00c0 la recherche d&rsquo;un emploi en Ventes ou en Marketing? Consultez ci-dessous les informations et nos derni\u00e8res offres d&#8217;emploi dans ce domaine.<\/p>\t\t\t\t\t\t\t\t<\/div>\n\t\t\t\t<\/div>\n\t\t\t\t<\/div>\n\t\t\t\t\t<\/div>\n\t\t\t\t<\/div>\n\t\t<div class=\"elementor-element elementor-element-48f46f1 e-flex e-con-boxed e-con e-parent\" data-id=\"48f46f1\" data-element_type=\"container\" data-e-type=\"container\">\n\t\t\t\t\t<div class=\"e-con-inner\">\n\t\t<div class=\"elementor-element elementor-element-405c8ac e-con-full e-flex e-con e-child\" data-id=\"405c8ac\" data-element_type=\"container\" data-e-type=\"container\">\n\t\t<div class=\"elementor-element elementor-element-2cacba0 e-con-full e-flex e-con e-child\" data-id=\"2cacba0\" data-element_type=\"container\" data-e-type=\"container\">\n\t\t\t\t<div class=\"elementor-element elementor-element-4697ee5 elementor-widget elementor-widget-heading\" data-id=\"4697ee5\" data-element_type=\"widget\" data-e-type=\"widget\" data-widget_type=\"heading.default\">\n\t\t\t\t<div class=\"elementor-widget-container\">\n\t\t\t\t\t<h3 class=\"elementor-heading-title elementor-size-default\">Nos services\n<\/h3>\t\t\t\t<\/div>\n\t\t\t\t<\/div>\n\t\t<div class=\"elementor-element elementor-element-aa21d98 e-flex e-con-boxed e-con e-child\" data-id=\"aa21d98\" data-element_type=\"container\" data-e-type=\"container\">\n\t\t\t\t\t<div class=\"e-con-inner\">\n\t\t\t\t<div class=\"elementor-element elementor-element-112a03f elementor-widget elementor-widget-text-editor\" data-id=\"112a03f\" data-element_type=\"widget\" data-e-type=\"widget\" data-widget_type=\"text-editor.default\">\n\t\t\t\t<div class=\"elementor-widget-container\">\n\t\t\t\t\t\t\t\t\t<p>Dans le domaine de la vente et du marketing, le choix des bons talents est primordial pour assurer la croissance et le succ\u00e8s d&rsquo;une entreprise. Nos services de recrutement sp\u00e9cialis\u00e9s dans la vente et le marketing sont con\u00e7us pour identifier et s\u00e9lectionner les candidats les plus comp\u00e9tents et les plus dynamiques, capables de relever les d\u00e9fis sp\u00e9cifiques de chaque entreprise dans ce domaine concurrentiel.<\/p><p>Nos candidats sont soumis \u00e0 une \u00e9valuation rigoureuse de leur capacit\u00e9 \u00e0 d\u00e9velopper des strat\u00e9gies de vente efficaces, \u00e0 comprendre les besoins des clients et \u00e0 promouvoir efficacement les produits ou services de l&rsquo;entreprise. Nous reconnaissons l&rsquo;importance cruciale des professionnels de la vente et du marketing pour g\u00e9n\u00e9rer des revenus et cr\u00e9er de la valeur pour les clients. C&rsquo;est pourquoi notre approche personnalis\u00e9e nous permet de vous mettre en relation avec des personnes poss\u00e9dant les comp\u00e9tences et l&rsquo;exp\u00e9rience n\u00e9cessaires pour exceller dans le domaine de la vente et du marketing au sein de votre organisation.<\/p>\t\t\t\t\t\t\t\t<\/div>\n\t\t\t\t<\/div>\n\t\t\t\t\t<\/div>\n\t\t\t\t<\/div>\n\t\t\t\t<\/div>\n\t\t<div class=\"elementor-element elementor-element-f9e83dc e-con-full e-flex e-con e-child\" data-id=\"f9e83dc\" data-element_type=\"container\" data-e-type=\"container\">\n\t\t\t\t<div class=\"elementor-element elementor-element-73d12df elementor-widget elementor-widget-image\" data-id=\"73d12df\" data-element_type=\"widget\" data-e-type=\"widget\" data-widget_type=\"image.default\">\n\t\t\t\t<div class=\"elementor-widget-container\">\n\t\t\t\t\t\t\t\t\t\t\t\t\t\t\t<img fetchpriority=\"high\" decoding=\"async\" width=\"1020\" height=\"623\" src=\"https:\/\/www.optalent.ca\/wp-content\/uploads\/2024\/04\/networking-shaking-hands.jpg\" class=\"attachment-full size-full wp-image-7091\" alt=\"networking shaking hands\" srcset=\"https:\/\/www.optalent.ca\/wp-content\/uploads\/2024\/04\/networking-shaking-hands.jpg 1020w, https:\/\/www.optalent.ca\/wp-content\/uploads\/2024\/04\/networking-shaking-hands-300x183.jpg 300w, https:\/\/www.optalent.ca\/wp-content\/uploads\/2024\/04\/networking-shaking-hands-1024x625.jpg 1024w, https:\/\/www.optalent.ca\/wp-content\/uploads\/2024\/04\/networking-shaking-hands-768x469.jpg 768w, https:\/\/www.optalent.ca\/wp-content\/uploads\/2024\/04\/networking-shaking-hands-1536x938.jpg 1536w, https:\/\/www.optalent.ca\/wp-content\/uploads\/2024\/04\/networking-shaking-hands-18x12.jpg 18w\" sizes=\"(max-width: 1020px) 100vw, 1020px\" \/>\t\t\t\t\t\t\t\t\t\t\t\t\t\t\t<\/div>\n\t\t\t\t<\/div>\n\t\t\t\t<\/div>\n\t\t\t\t<\/div>\n\t\t\t\t\t<\/div>\n\t\t\t\t<\/div>\n\t\t<div class=\"elementor-element elementor-element-cb69857 e-flex e-con-boxed e-con e-parent\" data-id=\"cb69857\" data-element_type=\"container\" data-e-type=\"container\">\n\t\t\t\t\t<div class=\"e-con-inner\">\n\t\t<div class=\"elementor-element elementor-element-76db54a e-con-full e-flex e-con e-child\" data-id=\"76db54a\" data-element_type=\"container\" data-e-type=\"container\">\n\t\t<div class=\"elementor-element elementor-element-af9b1c6 e-con-full e-flex e-con e-child\" data-id=\"af9b1c6\" data-element_type=\"container\" data-e-type=\"container\">\n\t\t\t\t<div class=\"elementor-element elementor-element-88a650a elementor-widget elementor-widget-image\" data-id=\"88a650a\" data-element_type=\"widget\" data-e-type=\"widget\" data-widget_type=\"image.default\">\n\t\t\t\t<div class=\"elementor-widget-container\">\n\t\t\t\t\t\t\t\t\t\t\t\t\t\t\t<img decoding=\"async\" width=\"960\" height=\"540\" src=\"https:\/\/www.optalent.ca\/wp-content\/uploads\/2024\/04\/Marketing.webp\" class=\"attachment-full size-full wp-image-7090\" alt=\"Marketing.webp\" srcset=\"https:\/\/www.optalent.ca\/wp-content\/uploads\/2024\/04\/Marketing.webp 960w, https:\/\/www.optalent.ca\/wp-content\/uploads\/2024\/04\/Marketing-300x169.webp 300w, https:\/\/www.optalent.ca\/wp-content\/uploads\/2024\/04\/Marketing-768x432.webp 768w, https:\/\/www.optalent.ca\/wp-content\/uploads\/2024\/04\/Marketing-18x10.webp 18w\" sizes=\"(max-width: 960px) 100vw, 960px\" \/>\t\t\t\t\t\t\t\t\t\t\t\t\t\t\t<\/div>\n\t\t\t\t<\/div>\n\t\t\t\t<\/div>\n\t\t<div class=\"elementor-element elementor-element-6a8b41b e-con-full e-flex e-con e-child\" data-id=\"6a8b41b\" data-element_type=\"container\" data-e-type=\"container\">\n\t\t\t\t<div class=\"elementor-element elementor-element-1fe0daf elementor-widget elementor-widget-heading\" data-id=\"1fe0daf\" data-element_type=\"widget\" data-e-type=\"widget\" data-widget_type=\"heading.default\">\n\t\t\t\t<div class=\"elementor-widget-container\">\n\t\t\t\t\t<h3 class=\"elementor-heading-title elementor-size-default\">Types de postes que nous comblons en Ventes et Marketing\n<\/h3>\t\t\t\t<\/div>\n\t\t\t\t<\/div>\n\t\t\t\t<div class=\"elementor-element elementor-element-3041288 elementor-widget elementor-widget-text-editor\" data-id=\"3041288\" data-element_type=\"widget\" data-e-type=\"widget\" data-widget_type=\"text-editor.default\">\n\t\t\t\t<div class=\"elementor-widget-container\">\n\t\t\t\t\t\t\t\t\t<p>Agent aux ventes<br \/>Conseiller en marketing<br \/>Concepteur<br \/>Directeur de compte<br \/>Directeur du marketing<br \/>Directeur des ventes<br \/>Gestionnaire de site web<br \/>Repr\u00e9sentant des ventes<br \/>Vice-Pr\u00e9sident au d\u00e9veloppement des affaires<br \/>Vice-Pr\u00e9sident marketing<\/p>\t\t\t\t\t\t\t\t<\/div>\n\t\t\t\t<\/div>\n\t\t\t\t<\/div>\n\t\t\t\t<\/div>\n\t\t\t\t\t<\/div>\n\t\t\t\t<\/div>\n\t\t<div class=\"elementor-element elementor-element-b3b5760 e-flex e-con-boxed e-con e-parent\" data-id=\"b3b5760\" data-element_type=\"container\" data-e-type=\"container\" data-settings=\"{&quot;background_background&quot;:&quot;classic&quot;}\">\n\t\t\t\t\t<div class=\"e-con-inner\">\n\t\t<div class=\"elementor-element elementor-element-1b0e6e8 e-con-full e-flex e-con e-child\" data-id=\"1b0e6e8\" data-element_type=\"container\" data-e-type=\"container\">\n\t\t\t\t<div class=\"elementor-element elementor-element-a98a86a elementor-widget elementor-widget-heading\" data-id=\"a98a86a\" data-element_type=\"widget\" data-e-type=\"widget\" data-widget_type=\"heading.default\">\n\t\t\t\t<div class=\"elementor-widget-container\">\n\t\t\t\t\t<h2 class=\"elementor-heading-title elementor-size-default\">\nNos derni\u00e8res offres d\u2019emploi en Ventes et Marketing\n<\/h2>\t\t\t\t<\/div>\n\t\t\t\t<\/div>\n\t\t\t\t<div class=\"elementor-element elementor-element-476d621 elementor-widget-divider--view-line elementor-widget elementor-widget-divider\" data-id=\"476d621\" data-element_type=\"widget\" data-e-type=\"widget\" data-widget_type=\"divider.default\">\n\t\t\t\t<div class=\"elementor-widget-container\">\n\t\t\t\t\t\t\t<div class=\"elementor-divider\">\n\t\t\t<span class=\"elementor-divider-separator\">\n\t\t\t\t\t\t<\/span>\n\t\t<\/div>\n\t\t\t\t\t\t<\/div>\n\t\t\t\t<\/div>\n\t\t\t\t<div class=\"elementor-element elementor-element-9de3dce elementor-widget elementor-widget-text-editor\" data-id=\"9de3dce\" data-element_type=\"widget\" data-e-type=\"widget\" data-widget_type=\"text-editor.default\">\n\t\t\t\t<div class=\"elementor-widget-container\">\n\t\t\t\t\t\t\t\t\t<p>D\u00e9couvrez nos derni\u00e8res offres d\u2019emploi con\u00e7ues pour des professionnels qualifi\u00e9s \u00e0 la recherche de carri\u00e8res gratifiantes dans ces secteurs d\u2019activit\u00e9s<\/p>\t\t\t\t\t\t\t\t<\/div>\n\t\t\t\t<\/div>\n\t\t\t\t<div class=\"elementor-element elementor-element-60048df elementor-arrows-position-inside elementor-widget elementor-widget-loop-carousel\" data-id=\"60048df\" data-element_type=\"widget\" data-e-type=\"widget\" data-settings=\"{&quot;template_id&quot;:7182,&quot;_skin&quot;:&quot;post&quot;,&quot;slides_to_show&quot;:&quot;3&quot;,&quot;slides_to_show_tablet&quot;:&quot;2&quot;,&quot;slides_to_show_mobile&quot;:&quot;1&quot;,&quot;slides_to_scroll&quot;:&quot;1&quot;,&quot;edit_handle_selector&quot;:&quot;.elementor-loop-container&quot;,&quot;autoplay&quot;:&quot;yes&quot;,&quot;autoplay_speed&quot;:5000,&quot;pause_on_hover&quot;:&quot;yes&quot;,&quot;pause_on_interaction&quot;:&quot;yes&quot;,&quot;infinite&quot;:&quot;yes&quot;,&quot;speed&quot;:500,&quot;offset_sides&quot;:&quot;none&quot;,&quot;arrows&quot;:&quot;yes&quot;,&quot;image_spacing_custom&quot;:{&quot;unit&quot;:&quot;px&quot;,&quot;size&quot;:10,&quot;sizes&quot;:[]},&quot;image_spacing_custom_tablet&quot;:{&quot;unit&quot;:&quot;px&quot;,&quot;size&quot;:&quot;&quot;,&quot;sizes&quot;:[]},&quot;image_spacing_custom_mobile&quot;:{&quot;unit&quot;:&quot;px&quot;,&quot;size&quot;:&quot;&quot;,&quot;sizes&quot;:[]}}\" data-widget_type=\"loop-carousel.post\">\n\t\t\t\t<div class=\"elementor-widget-container\">\n\t\t\t\t\t\t\t<div class=\"e-loop-nothing-found-message\">\n\t\t<\/div>\n\t\t\t\t\t\t<\/div>\n\t\t\t\t<\/div>\n\t\t\t\t<div class=\"elementor-element elementor-element-fd7f52e elementor-align-center elementor-widget elementor-widget-button\" data-id=\"fd7f52e\" data-element_type=\"widget\" data-e-type=\"widget\" data-widget_type=\"button.default\">\n\t\t\t\t<div class=\"elementor-widget-container\">\n\t\t\t\t\t\t\t\t\t<div class=\"elementor-button-wrapper\">\n\t\t\t\t\t<a class=\"elementor-button elementor-button-link elementor-size-sm\" href=\"\/fr\/nos-emplois\/\">\n\t\t\t\t\t\t<span class=\"elementor-button-content-wrapper\">\n\t\t\t\t\t\t\t\t\t<span class=\"elementor-button-text\">Voir tous les emplois<\/span>\n\t\t\t\t\t<\/span>\n\t\t\t\t\t<\/a>\n\t\t\t\t<\/div>\n\t\t\t\t\t\t\t\t<\/div>\n\t\t\t\t<\/div>\n\t\t\t\t<\/div>\n\t\t\t\t\t<\/div>\n\t\t\t\t<\/div>\n\t\t\t\t<\/div>\n\t\t","protected":false},"excerpt":{"rendered":"<p>Nos Expertises Ventes et marketing \u00c0 la recherche d&rsquo;un emploi en Ventes ou en Marketing? Consultez ci-dessous les informations et [&hellip;]<\/p>\n","protected":false},"author":1,"featured_media":7018,"parent":0,"menu_order":0,"comment_status":"closed","ping_status":"closed","template":"","meta":{"site-sidebar-layout":"no-sidebar","site-content-layout":"","ast-site-content-layout":"full-width-container","site-content-style":"default","site-sidebar-style":"default","ast-global-header-display":"","ast-banner-title-visibility":"","ast-main-header-display":"","ast-hfb-above-header-display":"","ast-hfb-below-header-display":"","ast-hfb-mobile-header-display":"","site-post-title":"disabled","ast-breadcrumbs-content":"","ast-featured-img":"disabled","footer-sml-layout":"","ast-disable-related-posts":"","theme-transparent-header-meta":"","adv-header-id-meta":"","stick-header-meta":"","header-above-stick-meta":"","header-main-stick-meta":"","header-below-stick-meta":"","astra-migrate-meta-layouts":"default","ast-page-background-enabled":"default","ast-page-background-meta":{"desktop":{"background-color":"var(--ast-global-color-4)","background-image":"","background-repeat":"repeat","background-position":"center center","background-size":"auto","background-attachment":"scroll","background-type":"","background-media":"","overlay-type":"","overlay-color":"","overlay-opacity":"","overlay-gradient":""},"tablet":{"background-color":"","background-image":"","background-repeat":"repeat","background-position":"center center","background-size":"auto","background-attachment":"scroll","background-type":"","background-media":"","overlay-type":"","overlay-color":"","overlay-opacity":"","overlay-gradient":""},"mobile":{"background-color":"","background-image":"","background-repeat":"repeat","background-position":"center center","background-size":"auto","background-attachment":"scroll","background-type":"","background-media":"","overlay-type":"","overlay-color":"","overlay-opacity":"","overlay-gradient":""}},"ast-content-background-meta":{"desktop":{"background-color":"var(--ast-global-color-5)","background-image":"","background-repeat":"repeat","background-position":"center center","background-size":"auto","background-attachment":"scroll","background-type":"","background-media":"","overlay-type":"","overlay-color":"","overlay-opacity":"","overlay-gradient":""},"tablet":{"background-color":"var(--ast-global-color-5)","background-image":"","background-repeat":"repeat","background-position":"center center","background-size":"auto","background-attachment":"scroll","background-type":"","background-media":"","overlay-type":"","overlay-color":"","overlay-opacity":"","overlay-gradient":""},"mobile":{"background-color":"var(--ast-global-color-5)","background-image":"","background-repeat":"repeat","background-position":"center center","background-size":"auto","background-attachment":"scroll","background-type":"","background-media":"","overlay-type":"","overlay-color":"","overlay-opacity":"","overlay-gradient":""}},"footnotes":""},"class_list":["post-7327","page","type-page","status-publish","has-post-thumbnail","hentry"],"yoast_head":"<!-- This site is optimized with the Yoast SEO plugin v27.4 - https:\/\/yoast.com\/product\/yoast-seo-wordpress\/ -->\n<title>Ventes et marketing - OpTalent<\/title>\n<meta name=\"description\" content=\"Entrez en contact avec l&#039;\u00e9lite des talents de la vente et du marketing par l&#039;interm\u00e9diaire d&#039;OpTalent. Stimulez la croissance de vos revenus gr\u00e2ce \u00e0 des professionnels qui comprennent votre secteur d&#039;activit\u00e9.\" \/>\n<meta name=\"robots\" content=\"index, follow, max-snippet:-1, max-image-preview:large, max-video-preview:-1\" \/>\n<link rel=\"canonical\" href=\"https:\/\/www.optalent.ca\/fr\/marketing-des-ventes\/\" \/>\n<meta property=\"og:locale\" content=\"fr_CA\" \/>\n<meta property=\"og:type\" content=\"article\" \/>\n<meta property=\"og:title\" content=\"Ventes et marketing - OpTalent\" \/>\n<meta property=\"og:description\" content=\"Entrez en contact avec l&#039;\u00e9lite des talents de la vente et du marketing par l&#039;interm\u00e9diaire d&#039;OpTalent. Stimulez la croissance de vos revenus gr\u00e2ce \u00e0 des professionnels qui comprennent votre secteur d&#039;activit\u00e9.\" \/>\n<meta property=\"og:url\" content=\"https:\/\/www.optalent.ca\/fr\/marketing-des-ventes\/\" \/>\n<meta property=\"og:site_name\" content=\"OpTalent\" \/>\n<meta property=\"article:publisher\" content=\"https:\/\/www.facebook.com\/optalent\" \/>\n<meta property=\"article:modified_time\" content=\"2025-10-01T14:24:04+00:00\" \/>\n<meta property=\"og:image\" content=\"https:\/\/www.optalent.ca\/wp-content\/uploads\/2024\/03\/AdobeStock_188194248-min.jpeg\" \/>\n\t<meta property=\"og:image:width\" content=\"1020\" \/>\n\t<meta property=\"og:image:height\" content=\"586\" \/>\n\t<meta property=\"og:image:type\" content=\"image\/jpeg\" \/>\n<meta name=\"twitter:card\" content=\"summary_large_image\" \/>\n<meta name=\"twitter:label1\" content=\"Estimation du temps de lecture\" \/>\n\t<meta name=\"twitter:data1\" content=\"2 minutes\" \/>\n<script type=\"application\/ld+json\" class=\"yoast-schema-graph\">{\"@context\":\"https:\\\/\\\/schema.org\",\"@graph\":[{\"@type\":\"WebPage\",\"@id\":\"https:\\\/\\\/www.optalent.ca\\\/fr\\\/marketing-des-ventes\\\/\",\"url\":\"https:\\\/\\\/www.optalent.ca\\\/fr\\\/marketing-des-ventes\\\/\",\"name\":\"Ventes et marketing - OpTalent\",\"isPartOf\":{\"@id\":\"https:\\\/\\\/www.optalent.ca\\\/fr\\\/#website\"},\"primaryImageOfPage\":{\"@id\":\"https:\\\/\\\/www.optalent.ca\\\/fr\\\/marketing-des-ventes\\\/#primaryimage\"},\"image\":{\"@id\":\"https:\\\/\\\/www.optalent.ca\\\/fr\\\/marketing-des-ventes\\\/#primaryimage\"},\"thumbnailUrl\":\"https:\\\/\\\/www.optalent.ca\\\/wp-content\\\/uploads\\\/2024\\\/03\\\/AdobeStock_188194248-min.jpeg\",\"datePublished\":\"2024-03-30T18:02:30+00:00\",\"dateModified\":\"2025-10-01T14:24:04+00:00\",\"description\":\"Entrez en contact avec l'\u00e9lite des talents de la vente et du marketing par l'interm\u00e9diaire d'OpTalent. Stimulez la croissance de vos revenus gr\u00e2ce \u00e0 des professionnels qui comprennent votre secteur d'activit\u00e9.\",\"breadcrumb\":{\"@id\":\"https:\\\/\\\/www.optalent.ca\\\/fr\\\/marketing-des-ventes\\\/#breadcrumb\"},\"inLanguage\":\"fr-CA\",\"potentialAction\":[{\"@type\":\"ReadAction\",\"target\":[\"https:\\\/\\\/www.optalent.ca\\\/fr\\\/marketing-des-ventes\\\/\"]}]},{\"@type\":\"ImageObject\",\"inLanguage\":\"fr-CA\",\"@id\":\"https:\\\/\\\/www.optalent.ca\\\/fr\\\/marketing-des-ventes\\\/#primaryimage\",\"url\":\"https:\\\/\\\/www.optalent.ca\\\/wp-content\\\/uploads\\\/2024\\\/03\\\/AdobeStock_188194248-min.jpeg\",\"contentUrl\":\"https:\\\/\\\/www.optalent.ca\\\/wp-content\\\/uploads\\\/2024\\\/03\\\/AdobeStock_188194248-min.jpeg\",\"width\":1020,\"height\":586,\"caption\":\"About us\"},{\"@type\":\"BreadcrumbList\",\"@id\":\"https:\\\/\\\/www.optalent.ca\\\/fr\\\/marketing-des-ventes\\\/#breadcrumb\",\"itemListElement\":[{\"@type\":\"ListItem\",\"position\":1,\"name\":\"Home\",\"item\":\"https:\\\/\\\/www.optalent.ca\\\/fr\\\/\"},{\"@type\":\"ListItem\",\"position\":2,\"name\":\"Ventes et marketing\"}]},{\"@type\":\"WebSite\",\"@id\":\"https:\\\/\\\/www.optalent.ca\\\/fr\\\/#website\",\"url\":\"https:\\\/\\\/www.optalent.ca\\\/fr\\\/\",\"name\":\"OPTalent\",\"description\":\"Recruitment Partner\",\"publisher\":{\"@id\":\"https:\\\/\\\/www.optalent.ca\\\/fr\\\/#organization\"},\"potentialAction\":[{\"@type\":\"SearchAction\",\"target\":{\"@type\":\"EntryPoint\",\"urlTemplate\":\"https:\\\/\\\/www.optalent.ca\\\/fr\\\/?s={search_term_string}\"},\"query-input\":{\"@type\":\"PropertyValueSpecification\",\"valueRequired\":true,\"valueName\":\"search_term_string\"}}],\"inLanguage\":\"fr-CA\"},{\"@type\":\"Organization\",\"@id\":\"https:\\\/\\\/www.optalent.ca\\\/fr\\\/#organization\",\"name\":\"OPTalent\",\"url\":\"https:\\\/\\\/www.optalent.ca\\\/fr\\\/\",\"logo\":{\"@type\":\"ImageObject\",\"inLanguage\":\"fr-CA\",\"@id\":\"https:\\\/\\\/www.optalent.ca\\\/fr\\\/#\\\/schema\\\/logo\\\/image\\\/\",\"url\":\"https:\\\/\\\/www.optalent.ca\\\/wp-content\\\/uploads\\\/2024\\\/03\\\/Logo_sans_slogan-100.jpg\",\"contentUrl\":\"https:\\\/\\\/www.optalent.ca\\\/wp-content\\\/uploads\\\/2024\\\/03\\\/Logo_sans_slogan-100.jpg\",\"width\":512,\"height\":148,\"caption\":\"OPTalent\"},\"image\":{\"@id\":\"https:\\\/\\\/www.optalent.ca\\\/fr\\\/#\\\/schema\\\/logo\\\/image\\\/\"},\"sameAs\":[\"https:\\\/\\\/www.facebook.com\\\/optalent\",\"https:\\\/\\\/www.linkedin.com\\\/company\\\/optalent-inc\\\/\"]}]}<\/script>\n<!-- \/ Yoast SEO plugin. -->","yoast_head_json":{"title":"Ventes et marketing - OpTalent","description":"Entrez en contact avec l'\u00e9lite des talents de la vente et du marketing par l'interm\u00e9diaire d'OpTalent. Stimulez la croissance de vos revenus gr\u00e2ce \u00e0 des professionnels qui comprennent votre secteur d'activit\u00e9.","robots":{"index":"index","follow":"follow","max-snippet":"max-snippet:-1","max-image-preview":"max-image-preview:large","max-video-preview":"max-video-preview:-1"},"canonical":"https:\/\/www.optalent.ca\/fr\/marketing-des-ventes\/","og_locale":"fr_CA","og_type":"article","og_title":"Ventes et marketing - OpTalent","og_description":"Entrez en contact avec l'\u00e9lite des talents de la vente et du marketing par l'interm\u00e9diaire d'OpTalent. Stimulez la croissance de vos revenus gr\u00e2ce \u00e0 des professionnels qui comprennent votre secteur d'activit\u00e9.","og_url":"https:\/\/www.optalent.ca\/fr\/marketing-des-ventes\/","og_site_name":"OpTalent","article_publisher":"https:\/\/www.facebook.com\/optalent","article_modified_time":"2025-10-01T14:24:04+00:00","og_image":[{"width":1020,"height":586,"url":"https:\/\/www.optalent.ca\/wp-content\/uploads\/2024\/03\/AdobeStock_188194248-min.jpeg","type":"image\/jpeg"}],"twitter_card":"summary_large_image","twitter_misc":{"Estimation du temps de lecture":"2 minutes"},"schema":{"@context":"https:\/\/schema.org","@graph":[{"@type":"WebPage","@id":"https:\/\/www.optalent.ca\/fr\/marketing-des-ventes\/","url":"https:\/\/www.optalent.ca\/fr\/marketing-des-ventes\/","name":"Ventes et marketing - OpTalent","isPartOf":{"@id":"https:\/\/www.optalent.ca\/fr\/#website"},"primaryImageOfPage":{"@id":"https:\/\/www.optalent.ca\/fr\/marketing-des-ventes\/#primaryimage"},"image":{"@id":"https:\/\/www.optalent.ca\/fr\/marketing-des-ventes\/#primaryimage"},"thumbnailUrl":"https:\/\/www.optalent.ca\/wp-content\/uploads\/2024\/03\/AdobeStock_188194248-min.jpeg","datePublished":"2024-03-30T18:02:30+00:00","dateModified":"2025-10-01T14:24:04+00:00","description":"Entrez en contact avec l'\u00e9lite des talents de la vente et du marketing par l'interm\u00e9diaire d'OpTalent. Stimulez la croissance de vos revenus gr\u00e2ce \u00e0 des professionnels qui comprennent votre secteur d'activit\u00e9.","breadcrumb":{"@id":"https:\/\/www.optalent.ca\/fr\/marketing-des-ventes\/#breadcrumb"},"inLanguage":"fr-CA","potentialAction":[{"@type":"ReadAction","target":["https:\/\/www.optalent.ca\/fr\/marketing-des-ventes\/"]}]},{"@type":"ImageObject","inLanguage":"fr-CA","@id":"https:\/\/www.optalent.ca\/fr\/marketing-des-ventes\/#primaryimage","url":"https:\/\/www.optalent.ca\/wp-content\/uploads\/2024\/03\/AdobeStock_188194248-min.jpeg","contentUrl":"https:\/\/www.optalent.ca\/wp-content\/uploads\/2024\/03\/AdobeStock_188194248-min.jpeg","width":1020,"height":586,"caption":"About us"},{"@type":"BreadcrumbList","@id":"https:\/\/www.optalent.ca\/fr\/marketing-des-ventes\/#breadcrumb","itemListElement":[{"@type":"ListItem","position":1,"name":"Home","item":"https:\/\/www.optalent.ca\/fr\/"},{"@type":"ListItem","position":2,"name":"Ventes et marketing"}]},{"@type":"WebSite","@id":"https:\/\/www.optalent.ca\/fr\/#website","url":"https:\/\/www.optalent.ca\/fr\/","name":"OPTalent","description":"Recruitment Partner","publisher":{"@id":"https:\/\/www.optalent.ca\/fr\/#organization"},"potentialAction":[{"@type":"SearchAction","target":{"@type":"EntryPoint","urlTemplate":"https:\/\/www.optalent.ca\/fr\/?s={search_term_string}"},"query-input":{"@type":"PropertyValueSpecification","valueRequired":true,"valueName":"search_term_string"}}],"inLanguage":"fr-CA"},{"@type":"Organization","@id":"https:\/\/www.optalent.ca\/fr\/#organization","name":"OPTalent","url":"https:\/\/www.optalent.ca\/fr\/","logo":{"@type":"ImageObject","inLanguage":"fr-CA","@id":"https:\/\/www.optalent.ca\/fr\/#\/schema\/logo\/image\/","url":"https:\/\/www.optalent.ca\/wp-content\/uploads\/2024\/03\/Logo_sans_slogan-100.jpg","contentUrl":"https:\/\/www.optalent.ca\/wp-content\/uploads\/2024\/03\/Logo_sans_slogan-100.jpg","width":512,"height":148,"caption":"OPTalent"},"image":{"@id":"https:\/\/www.optalent.ca\/fr\/#\/schema\/logo\/image\/"},"sameAs":["https:\/\/www.facebook.com\/optalent","https:\/\/www.linkedin.com\/company\/optalent-inc\/"]}]}},"_links":{"self":[{"href":"https:\/\/www.optalent.ca\/fr\/wp-json\/wp\/v2\/pages\/7327","targetHints":{"allow":["GET"]}}],"collection":[{"href":"https:\/\/www.optalent.ca\/fr\/wp-json\/wp\/v2\/pages"}],"about":[{"href":"https:\/\/www.optalent.ca\/fr\/wp-json\/wp\/v2\/types\/page"}],"author":[{"embeddable":true,"href":"https:\/\/www.optalent.ca\/fr\/wp-json\/wp\/v2\/users\/1"}],"replies":[{"embeddable":true,"href":"https:\/\/www.optalent.ca\/fr\/wp-json\/wp\/v2\/comments?post=7327"}],"version-history":[{"count":16,"href":"https:\/\/www.optalent.ca\/fr\/wp-json\/wp\/v2\/pages\/7327\/revisions"}],"predecessor-version":[{"id":8062,"href":"https:\/\/www.optalent.ca\/fr\/wp-json\/wp\/v2\/pages\/7327\/revisions\/8062"}],"wp:featuredmedia":[{"embeddable":true,"href":"https:\/\/www.optalent.ca\/fr\/wp-json\/wp\/v2\/media\/7018"}],"wp:attachment":[{"href":"https:\/\/www.optalent.ca\/fr\/wp-json\/wp\/v2\/media?parent=7327"}],"curies":[{"name":"wp","href":"https:\/\/api.w.org\/{rel}","templated":true}]}}