{"id":7408,"date":"2024-05-01T16:49:50","date_gmt":"2024-05-01T20:49:50","guid":{"rendered":"https:\/\/www.optalent.bluehat.hosting\/privacy-policy\/"},"modified":"2025-10-28T15:11:08","modified_gmt":"2025-10-28T19:11:08","slug":"politique-de-confidentialite","status":"publish","type":"page","link":"https:\/\/www.optalent.ca\/fr\/politique-de-confidentialite\/","title":{"rendered":"Politique de confidentialit\u00e9"},"content":{"rendered":"\t\t<div data-elementor-type=\"wp-page\" data-elementor-id=\"7408\" class=\"elementor elementor-7408 elementor-3342\" data-elementor-post-type=\"page\">\n\t\t\t\t<div class=\"elementor-element elementor-element-49a4c1f e-flex e-con-boxed e-con e-parent\" data-id=\"49a4c1f\" data-element_type=\"container\" data-e-type=\"container\" data-settings=\"{&quot;background_background&quot;:&quot;classic&quot;}\">\n\t\t\t\t\t<div class=\"e-con-inner\">\n\t\t<div class=\"elementor-element elementor-element-5af74af e-flex e-con-boxed e-con e-child\" data-id=\"5af74af\" data-element_type=\"container\" data-e-type=\"container\">\n\t\t\t\t\t<div class=\"e-con-inner\">\n\t\t\t\t<div class=\"elementor-element elementor-element-73ba718 elementor-widget elementor-widget-heading\" data-id=\"73ba718\" data-element_type=\"widget\" data-e-type=\"widget\" data-widget_type=\"heading.default\">\n\t\t\t\t<div class=\"elementor-widget-container\">\n\t\t\t\t\t<h2 class=\"elementor-heading-title elementor-size-default\">POLITIQUE DE PROTECTION DES RENSEIGNEMENTS PERSONNELS, D\u2019UTILISATION DES T\u00c9MOINS DE CONNEXION (COOKIES) ET DE CONFIDENTIALIT\u00c9\n<\/h2>\t\t\t\t<\/div>\n\t\t\t\t<\/div>\n\t\t\t\t\t<\/div>\n\t\t\t\t<\/div>\n\t\t\t\t\t<\/div>\n\t\t\t\t<\/div>\n\t\t<div class=\"elementor-element elementor-element-2fa8485 e-flex e-con-boxed e-con e-parent\" data-id=\"2fa8485\" data-element_type=\"container\" data-e-type=\"container\">\n\t\t\t\t\t<div class=\"e-con-inner\">\n\t\t\t\t<div class=\"elementor-element elementor-element-152f497 elementor-widget elementor-widget-text-editor\" data-id=\"152f497\" data-element_type=\"widget\" data-e-type=\"widget\" data-widget_type=\"text-editor.default\">\n\t\t\t\t<div class=\"elementor-widget-container\">\n\t\t\t\t\t\t\t\t\t<p>Derni\u00e8re mise \u00e0 jour : 2024-04-25<\/p>\n<p>info@optalent.ca<\/p>\n<p>INTRODUCTION<\/p>\n<p>Dans le cadre de ses activit\u00e9s, Optalent (ci-apr\u00e8s d\u00e9sign\u00e9 par \u00ab Optalent \u00bb, \u00ab nous \u00bb, \u00ab notre \u00bb et \u00ab\u00a0nos\u00a0\u00bb) collectent et traitent des renseignements personnels de ses clients, candidats, employ\u00e9s, visiteurs et utilisateurs. La protection des renseignements personnels et de la vie priv\u00e9e tient une place primordiale pour Optalent. Par cons\u00e9quent, nous avons mis en place des mesures de protection en conformit\u00e9 avec les lois en vigueur, incluant la Loi sur la protection des renseignements personnels dans le secteur priv\u00e9.\u00a0<\/p>\n<p>Cette politique d\u00e9crit ce qu\u2019est un renseignement personnel, les moyens dont nous r\u00e9coltons les donn\u00e9es, nos proc\u00e9dures en mati\u00e8re de conservation et de destruction des donn\u00e9es personnelles, ainsi que vos droits en mati\u00e8re de conservation des donn\u00e9es personnelles.\u00a0<\/p>\n<p>D\u00c9FINITION DE RENSEIGNEMENTS PERSONNELS<\/p>\n<p>Les renseignements personnels sont des renseignements qui permettent l\u2019identification directe ou indirecte d\u2019une personne physique.\u00a0<\/p>\n<p>COLLECTE DE RENSEIGNEMENTS PERSONNELS<\/p>\n<p>Nous collectons des renseignements personnels uniquement dans la mesure n\u00e9cessaire pour atteindre les objectifs \u00e9nonc\u00e9s dans cette Politique lorsque vous utilisez notre site web ou interagissez avec nos services. Les renseignements personnels que nous collectons peuvent inclure, mais sans s\u2019y limiter, les \u00e9l\u00e9ments suivants :<\/p>\n<ul>\n<li aria-level=\"1\">Pr\u00e9nom et nom de famille<\/li>\n<li aria-level=\"1\">Adresse postale<\/li>\n<li aria-level=\"1\">Adresse courriel<\/li>\n<li aria-level=\"1\">Adresse de protocole internet (IP)<\/li>\n<li aria-level=\"1\">Num\u00e9ro de t\u00e9l\u00e9phone<\/li>\n<li aria-level=\"1\">Sujet et message de contact<\/li>\n<li aria-level=\"1\">Type de poste recherch\u00e9 (lors d\u2019une candidature)<\/li>\n<li aria-level=\"1\">Niveau de ma\u00eetrise de la langue fran\u00e7aise et anglaise (lors d\u2019une candidature)<\/li>\n<li aria-level=\"1\">Curriculum vit\u00e6 \/ CV (lors d\u2019une candidature)<\/li>\n<\/ul>\n<p>Moyens par lesquels les renseignements personnels sont recueillis<\/p>\n<p>Les renseignements personnels recueillis par Optalent nous sont fournis directement par vous, verbalement ou \u00e0 l\u2019\u00e9crit, soit notamment, lorsque\u00a0:<\/p>\n<ul>\n<li aria-level=\"1\">Vous envoyez votre candidature via notre bo\u00eete courriel;<\/li>\n<li aria-level=\"1\">Vous postulez sur l\u2019un de nos emplois disponibles via le site d\u2019Optalent ou toutes autres plateformes d\u2019affichage d\u2019emploi;<\/li>\n<li aria-level=\"1\">Vous communiquez par t\u00e9l\u00e9phone ou par courriel avec l\u2019un de nos repr\u00e9sentants;\u00a0<\/li>\n<li aria-level=\"1\">Vous naviguez sur notre site Web, par l\u2019interm\u00e9diaire des t\u00e9moins de connexion (<i>cookies<\/i>);<\/li>\n<li aria-level=\"1\">Vous d\u00e9butez un emploi par l\u2019entremise d\u2019Optalent;\u00a0<\/li>\n<li aria-level=\"1\">Vous vous inscrivez aux communications par courriel d\u2019Optalent (infolettres, alertes-emploi, etc.);<\/li>\n<li aria-level=\"1\">Vous communiquez avec nous pour formuler un commentaire, une question ou une plainte;<\/li>\n<li aria-level=\"1\">Vous communiquez avec nous lorsqu\u2019un \u00e9v\u00e9nement, incident ou accident survient dans le cadre de votre d\u00e9marche d\u2019emploi ou votre emploi par l\u2019entremise d\u2019Optalent.\u00a0<\/li>\n<\/ul>\n<p>Notre \u00e9quipe peut \u00e9galement avoir acc\u00e8s aux informations publiques que vous choisissez de partager sur vos r\u00e9seaux sociaux afin d\u2019entrer en contact pour vous proposer des emplois qui pourraient vous int\u00e9resser et discuter de votre cheminement de carri\u00e8re, par exemple.\u00a0<\/p>\n<p>Nous collectons ces renseignements lorsque vous nous les fournissez volontairement, par exemple, lorsque vous remplissez un formulaire de contact ou de candidature.<\/p>\n<p>UTILISATION DES RENSEIGNEMENTS PERSONNELS<\/p>\n<p>Les fins pour lesquels Optalent traite de vos renseignements personnels sont principalement afin d\u2019\u00eatre en mesure de vous offrir les services demand\u00e9s et vous communiquer les informations pertinentes relativement aux services demand\u00e9s. Ces renseignements peuvent \u00eatre dans l\u2019objectif notamment de vous proposer un emploi ad\u00e9quat et adapt\u00e9 \u00e0 vos comp\u00e9tences et vos aspirations, d\u2019assurer votre s\u00e9curit\u00e9 dans votre milieu de travail et d\u2019assurer la gestion administrative de votre dossier. Nous pouvons \u00e9galement utiliser vos donn\u00e9es \u00e0 caract\u00e8re personnel pour vos envoyer des courriels promotionnels, des bulletins d\u2019information, des alertes-emplois, des invitations \u00e0 des \u00e9v\u00e9nements, des informations relatives \u00e0 votre carri\u00e8re, ainsi que d\u2019autres informations susceptibles de vous int\u00e9resser. Vous pouvez choisir de ne pas recevoir de communications de notre part ou de s\u00e9lectionner le type de communication en cliquant sur le lien de d\u00e9sabonnement ou en suivant les instructions dans le courriel re\u00e7u.\u00a0<\/p>\n<p>UTILISATION DES T\u00c9MOINS DE CONNEXIONS (CI-APR\u00c8S : \u00ab COOKIES \u00bb)<\/p>\n<p>Nous utilisons des cookies et des technologies similaires pour am\u00e9liorer votre exp\u00e9rience sur le site Web d\u2019Optalent. Un cookie est un petit fichier texte stock\u00e9 sur votre ordinateur ou sur votre appareil mobile par le navigateur web. Les cookies nous aident \u00e0 comprendre comment vous interagissez avec notre site Web, \u00e0 personnaliser votre exp\u00e9rience, et \u00e0 analyser les tendances d\u2019utilisation.\u00a0<\/p>\n<p>CONTR\u00d4LE DES COOKIES<\/p>\n<p>Vous pouvez g\u00e9n\u00e9ralement configurer votre navigateur pour refuser les cookies ou vous avertir lorsque des cookies sont envoy\u00e9s. Cependant, veuillez noter que certaines parties de notre site Web peuvent ne pas fonctionner correctement sans l\u2019utilisation de cookies.<\/p>\n<p>CONSENTEMENT<\/p>\n<p>En partageant vos renseignements personnels avec Optalent par l\u2019un des moyens \u00e9nonc\u00e9s au point \u00ab\u00a0Moyens par lesquels les renseignements personnels sont recueillis\u00a0\u00bb,\u00a0vous consentez que ceux-ci soient trait\u00e9s conform\u00e9ment \u00e0 ce qui est indiqu\u00e9 dans la pr\u00e9sente politique, et vous autorisez Optalent et ses partenaires \u00e0 traiter vos renseignements personnels conform\u00e9ment aux fins \u00e9nonc\u00e9es ci-dessous. Ces informations seront trait\u00e9es de mani\u00e8re confidentielle et utilis\u00e9es exclusivement dans le cadre des fins \u00e9nonc\u00e9es.<\/p>\n<p>DIVULGATION DES RENSEIGNEMENTS PERSONNELS<\/p>\n<p>Les renseignements personnels collect\u00e9s sont n\u00e9cessaires afin de fournir les services demand\u00e9s. Il est possible que nous transmettions certaines informations, comme votre curriculum vitae ou votre nom, \u00e0 des tiers de confiance ou \u00e0 une instance publique (par exemple un tribunal ou un organisme gouvernemental). Vous serez avis\u00e9s au pr\u00e9alable par l\u2019un de nos repr\u00e9sentants le cas \u00e9ch\u00e9ant.<\/p>\n<p>TRANSFERT DE RENSEIGNEMENTS PERSONNELS \u00c0 L\u2019\u00c9TRANGER<\/p>\n<p>Il peut nous arriver d\u2019utiliser des fournisseurs de services situ\u00e9s \u00e0 l\u2019ext\u00e9rieur du Canada (y compris \u00e0 l\u2019ext\u00e9rieur de la province de Qu\u00e9bec) pour accomplir certains mandats sp\u00e9cifiques dans le cours normal de nos affaires. Ainsi, il est possible que certains renseignements personnels vous concernant soient transf\u00e9r\u00e9s dans des endroits autres que votre province, territoire, \u00e9tat ou pays de r\u00e9sidence. Dans un tel cas, nous nous assurons que les renseignements personnels sont transf\u00e9r\u00e9s vers des pays qui ont re\u00e7u une d\u00e9cision de conformit\u00e9 de la part de l\u2019autorit\u00e9 comp\u00e9tente, ou que les renseignements personnels sont prot\u00e9g\u00e9s de mani\u00e8re ad\u00e9quate par des moyens techniques, organisationnels, contractuels ou autres moyens l\u00e9gaux appropri\u00e9s.<\/p>\n<p>S\u00c9CURIT\u00c9 DES RENSEIGNEMENTS PERSONNELS<\/p>\n<p>Nous mettons en place des mesures de s\u00e9curit\u00e9 appropri\u00e9es pour prot\u00e9ger vos renseignements personnels contre tout acc\u00e8s non autoris\u00e9, toute divulgation, toute alt\u00e9ration ou toute destruction.<\/p>\n<p>CONSERVATION DES RENSEIGNEMENTS PERSONNELS<\/p>\n<p>Nous conservons vos renseignements personnels le temps n\u00e9cessaire pour atteindre les objectifs \u00e9nonc\u00e9s dans cette politique, sauf si une p\u00e9riode de conservation plus longue est requise par la loi.<\/p>\n<p>DESTRUCTION DES RENSEIGNEMENTS PERSONNELS<\/p>\n<p>Nous d\u00e9truirons de mani\u00e8re s\u00e9curitaire les renseignements personnels re\u00e7us \u00e0 la fin de la dur\u00e9e de conservation, ou lorsque ces renseignements personnels ne sont plus n\u00e9cessaires. Cependant, dans certains cas et pour des fins s\u00e9rieuses et l\u00e9gitimes, tel que pour des donn\u00e9es statistiques ou autrement, nous pourrions anonymiser (c\u2019est-\u00e0-dire : de rendre impossible d\u2019identifier la personne par le biais d\u2019information et ce de mani\u00e8re irr\u00e9versible et permanente) des renseignements personnels. Cette proc\u00e9dure rendra impossible de retracer l\u2019individu rattach\u00e9 au renseignement..<\/p>\n<p>LIEN VERS UN SITE TIERS<\/p>\n<p>Nous souhaitons vous indiquer que la politique ne s\u2019applique pas aux autres sites Web tiers auxquels il serait possible d\u2019acc\u00e9der \u00e0 partir de lien pr\u00e9sent sur nos pages internet. Nous ne sommes et ne pourront \u00eatre responsable \u00e0 l\u2019\u00e9gard de ces sites tiers, de leur contenu, acc\u00e8s ou de leur mani\u00e8re qu\u2019il pourrait utiliser vos renseignements personnels. Ainsi, tout renseignement personnel que vous transmettez par l\u2019interm\u00e9diaire de ces sites internet tiers est assujetti \u00e0 leur propre politique de confidentialit\u00e9 et\/ou de protection de la vie priv\u00e9e. Il est de votre responsabilit\u00e9 de prendre connaissance de ces politiques sur des sites Web tiers.<\/p>\n<p>GESTION DE VOS PR\u00c9F\u00c9RENCES, GESTION DES COMMENTAIRES, DES DEMANDES ET DES PLAINTES\u00a0<\/p>\n<p>L\u2019utilisateur peut demander de conna\u00eetre, de rectifier ou d\u2019annuler les renseignements personnels d\u00e9tenus sur lui dans les fichiers d\u2019Optalent. Pour toute v\u00e9rification, commentaire ou plainte \u00e0 ce sujet, formuler une demande par \u00e9crit au Responsable de la Protection des Renseignements Personnels\u00a0au\u00a0info@optalent.ca<\/p>\n<p>MODIFICATIONS DE LA POLITIQUE DE CONFIDENTIALIT\u00c9<\/p>\n<p>Nous nous r\u00e9servons le droit de modifier cette politique \u00e0 tout moment. Toute modification sera publi\u00e9e sur notre site web avec une date de r\u00e9vision mise \u00e0 jour. En continuant \u00e0 utiliser nos produits ou services apr\u00e8s la publication de modifications, vous acceptez les termes de la politique r\u00e9vis\u00e9e ou modifi\u00e9e. Nous vous remercions de votre confiance envers Optalent pour la protection de vos renseignements personnels.<\/p>\t\t\t\t\t\t\t\t<\/div>\n\t\t\t\t<\/div>\n\t\t\t\t\t<\/div>\n\t\t\t\t<\/div>\n\t\t\t\t<\/div>\n\t\t","protected":false},"excerpt":{"rendered":"<p>POLITIQUE DE PROTECTION DES RENSEIGNEMENTS PERSONNELS, D\u2019UTILISATION DES T\u00c9MOINS DE CONNEXION (COOKIES) ET DE CONFIDENTIALIT\u00c9 Derni\u00e8re mise \u00e0 jour : [&hellip;]<\/p>\n","protected":false},"author":1,"featured_media":7018,"parent":0,"menu_order":0,"comment_status":"closed","ping_status":"closed","template":"","meta":{"site-sidebar-layout":"no-sidebar","site-content-layout":"","ast-site-content-layout":"full-width-container","site-content-style":"default","site-sidebar-style":"default","ast-global-header-display":"","ast-banner-title-visibility":"","ast-main-header-display":"","ast-hfb-above-header-display":"","ast-hfb-below-header-display":"","ast-hfb-mobile-header-display":"","site-post-title":"disabled","ast-breadcrumbs-content":"","ast-featured-img":"disabled","footer-sml-layout":"","ast-disable-related-posts":"","theme-transparent-header-meta":"","adv-header-id-meta":"","stick-header-meta":"","header-above-stick-meta":"","header-main-stick-meta":"","header-below-stick-meta":"","astra-migrate-meta-layouts":"default","ast-page-background-enabled":"default","ast-page-background-meta":{"desktop":{"background-color":"var(--ast-global-color-4)","background-image":"","background-repeat":"repeat","background-position":"center center","background-size":"auto","background-attachment":"scroll","background-type":"","background-media":"","overlay-type":"","overlay-color":"","overlay-opacity":"","overlay-gradient":""},"tablet":{"background-color":"","background-image":"","background-repeat":"repeat","background-position":"center center","background-size":"auto","background-attachment":"scroll","background-type":"","background-media":"","overlay-type":"","overlay-color":"","overlay-opacity":"","overlay-gradient":""},"mobile":{"background-color":"","background-image":"","background-repeat":"repeat","background-position":"center center","background-size":"auto","background-attachment":"scroll","background-type":"","background-media":"","overlay-type":"","overlay-color":"","overlay-opacity":"","overlay-gradient":""}},"ast-content-background-meta":{"desktop":{"background-color":"var(--ast-global-color-5)","background-image":"","background-repeat":"repeat","background-position":"center center","background-size":"auto","background-attachment":"scroll","background-type":"","background-media":"","overlay-type":"","overlay-color":"","overlay-opacity":"","overlay-gradient":""},"tablet":{"background-color":"var(--ast-global-color-5)","background-image":"","background-repeat":"repeat","background-position":"center center","background-size":"auto","background-attachment":"scroll","background-type":"","background-media":"","overlay-type":"","overlay-color":"","overlay-opacity":"","overlay-gradient":""},"mobile":{"background-color":"var(--ast-global-color-5)","background-image":"","background-repeat":"repeat","background-position":"center center","background-size":"auto","background-attachment":"scroll","background-type":"","background-media":"","overlay-type":"","overlay-color":"","overlay-opacity":"","overlay-gradient":""}},"footnotes":""},"class_list":["post-7408","page","type-page","status-publish","has-post-thumbnail","hentry"],"yoast_head":"<!-- This site is optimized with the Yoast SEO plugin v27.4 - https:\/\/yoast.com\/product\/yoast-seo-wordpress\/ -->\n<title>Politique de confidentialit\u00e9 - OpTalent<\/title>\n<meta name=\"description\" content=\"La s\u00e9curit\u00e9 de vos donn\u00e9es est notre priorit\u00e9. D\u00e9couvrez comment OpTalent prot\u00e8ge votre vie priv\u00e9e et respecte toutes les r\u00e9glementations.\" \/>\n<meta name=\"robots\" content=\"index, follow, max-snippet:-1, max-image-preview:large, max-video-preview:-1\" \/>\n<link rel=\"canonical\" href=\"https:\/\/www.optalent.ca\/fr\/politique-de-confidentialite\/\" \/>\n<meta property=\"og:locale\" content=\"fr_CA\" \/>\n<meta property=\"og:type\" content=\"article\" \/>\n<meta property=\"og:title\" content=\"Politique de confidentialit\u00e9 - OpTalent\" \/>\n<meta property=\"og:description\" content=\"La s\u00e9curit\u00e9 de vos donn\u00e9es est notre priorit\u00e9. D\u00e9couvrez comment OpTalent prot\u00e8ge votre vie priv\u00e9e et respecte toutes les r\u00e9glementations.\" \/>\n<meta property=\"og:url\" content=\"https:\/\/www.optalent.ca\/fr\/politique-de-confidentialite\/\" \/>\n<meta property=\"og:site_name\" content=\"OpTalent\" \/>\n<meta property=\"article:publisher\" content=\"https:\/\/www.facebook.com\/optalent\" \/>\n<meta property=\"article:modified_time\" content=\"2025-10-28T19:11:08+00:00\" \/>\n<meta property=\"og:image\" content=\"https:\/\/www.optalent.ca\/wp-content\/uploads\/2024\/03\/AdobeStock_188194248-min.jpeg\" \/>\n\t<meta property=\"og:image:width\" content=\"1020\" \/>\n\t<meta property=\"og:image:height\" content=\"586\" \/>\n\t<meta property=\"og:image:type\" content=\"image\/jpeg\" \/>\n<meta name=\"twitter:card\" content=\"summary_large_image\" \/>\n<meta name=\"twitter:label1\" content=\"Estimation du temps de lecture\" \/>\n\t<meta name=\"twitter:data1\" content=\"7 minutes\" \/>\n<script type=\"application\/ld+json\" class=\"yoast-schema-graph\">{\"@context\":\"https:\\\/\\\/schema.org\",\"@graph\":[{\"@type\":\"WebPage\",\"@id\":\"https:\\\/\\\/www.optalent.ca\\\/fr\\\/politique-de-confidentialite\\\/\",\"url\":\"https:\\\/\\\/www.optalent.ca\\\/fr\\\/politique-de-confidentialite\\\/\",\"name\":\"Politique de confidentialit\u00e9 - OpTalent\",\"isPartOf\":{\"@id\":\"https:\\\/\\\/www.optalent.ca\\\/fr\\\/#website\"},\"primaryImageOfPage\":{\"@id\":\"https:\\\/\\\/www.optalent.ca\\\/fr\\\/politique-de-confidentialite\\\/#primaryimage\"},\"image\":{\"@id\":\"https:\\\/\\\/www.optalent.ca\\\/fr\\\/politique-de-confidentialite\\\/#primaryimage\"},\"thumbnailUrl\":\"https:\\\/\\\/www.optalent.ca\\\/wp-content\\\/uploads\\\/2024\\\/03\\\/AdobeStock_188194248-min.jpeg\",\"datePublished\":\"2024-05-01T20:49:50+00:00\",\"dateModified\":\"2025-10-28T19:11:08+00:00\",\"description\":\"La s\u00e9curit\u00e9 de vos donn\u00e9es est notre priorit\u00e9. D\u00e9couvrez comment OpTalent prot\u00e8ge votre vie priv\u00e9e et respecte toutes les r\u00e9glementations.\",\"breadcrumb\":{\"@id\":\"https:\\\/\\\/www.optalent.ca\\\/fr\\\/politique-de-confidentialite\\\/#breadcrumb\"},\"inLanguage\":\"fr-CA\",\"potentialAction\":[{\"@type\":\"ReadAction\",\"target\":[\"https:\\\/\\\/www.optalent.ca\\\/fr\\\/politique-de-confidentialite\\\/\"]}]},{\"@type\":\"ImageObject\",\"inLanguage\":\"fr-CA\",\"@id\":\"https:\\\/\\\/www.optalent.ca\\\/fr\\\/politique-de-confidentialite\\\/#primaryimage\",\"url\":\"https:\\\/\\\/www.optalent.ca\\\/wp-content\\\/uploads\\\/2024\\\/03\\\/AdobeStock_188194248-min.jpeg\",\"contentUrl\":\"https:\\\/\\\/www.optalent.ca\\\/wp-content\\\/uploads\\\/2024\\\/03\\\/AdobeStock_188194248-min.jpeg\",\"width\":1020,\"height\":586,\"caption\":\"About us\"},{\"@type\":\"BreadcrumbList\",\"@id\":\"https:\\\/\\\/www.optalent.ca\\\/fr\\\/politique-de-confidentialite\\\/#breadcrumb\",\"itemListElement\":[{\"@type\":\"ListItem\",\"position\":1,\"name\":\"Home\",\"item\":\"https:\\\/\\\/www.optalent.ca\\\/fr\\\/\"},{\"@type\":\"ListItem\",\"position\":2,\"name\":\"Politique de confidentialit\u00e9\"}]},{\"@type\":\"WebSite\",\"@id\":\"https:\\\/\\\/www.optalent.ca\\\/fr\\\/#website\",\"url\":\"https:\\\/\\\/www.optalent.ca\\\/fr\\\/\",\"name\":\"OPTalent\",\"description\":\"Recruitment Partner\",\"publisher\":{\"@id\":\"https:\\\/\\\/www.optalent.ca\\\/fr\\\/#organization\"},\"potentialAction\":[{\"@type\":\"SearchAction\",\"target\":{\"@type\":\"EntryPoint\",\"urlTemplate\":\"https:\\\/\\\/www.optalent.ca\\\/fr\\\/?s={search_term_string}\"},\"query-input\":{\"@type\":\"PropertyValueSpecification\",\"valueRequired\":true,\"valueName\":\"search_term_string\"}}],\"inLanguage\":\"fr-CA\"},{\"@type\":\"Organization\",\"@id\":\"https:\\\/\\\/www.optalent.ca\\\/fr\\\/#organization\",\"name\":\"OPTalent\",\"url\":\"https:\\\/\\\/www.optalent.ca\\\/fr\\\/\",\"logo\":{\"@type\":\"ImageObject\",\"inLanguage\":\"fr-CA\",\"@id\":\"https:\\\/\\\/www.optalent.ca\\\/fr\\\/#\\\/schema\\\/logo\\\/image\\\/\",\"url\":\"https:\\\/\\\/www.optalent.ca\\\/wp-content\\\/uploads\\\/2024\\\/03\\\/Logo_sans_slogan-100.jpg\",\"contentUrl\":\"https:\\\/\\\/www.optalent.ca\\\/wp-content\\\/uploads\\\/2024\\\/03\\\/Logo_sans_slogan-100.jpg\",\"width\":512,\"height\":148,\"caption\":\"OPTalent\"},\"image\":{\"@id\":\"https:\\\/\\\/www.optalent.ca\\\/fr\\\/#\\\/schema\\\/logo\\\/image\\\/\"},\"sameAs\":[\"https:\\\/\\\/www.facebook.com\\\/optalent\",\"https:\\\/\\\/www.linkedin.com\\\/company\\\/optalent-inc\\\/\"]}]}<\/script>\n<!-- \/ Yoast SEO plugin. -->","yoast_head_json":{"title":"Politique de confidentialit\u00e9 - OpTalent","description":"La s\u00e9curit\u00e9 de vos donn\u00e9es est notre priorit\u00e9. D\u00e9couvrez comment OpTalent prot\u00e8ge votre vie priv\u00e9e et respecte toutes les r\u00e9glementations.","robots":{"index":"index","follow":"follow","max-snippet":"max-snippet:-1","max-image-preview":"max-image-preview:large","max-video-preview":"max-video-preview:-1"},"canonical":"https:\/\/www.optalent.ca\/fr\/politique-de-confidentialite\/","og_locale":"fr_CA","og_type":"article","og_title":"Politique de confidentialit\u00e9 - OpTalent","og_description":"La s\u00e9curit\u00e9 de vos donn\u00e9es est notre priorit\u00e9. D\u00e9couvrez comment OpTalent prot\u00e8ge votre vie priv\u00e9e et respecte toutes les r\u00e9glementations.","og_url":"https:\/\/www.optalent.ca\/fr\/politique-de-confidentialite\/","og_site_name":"OpTalent","article_publisher":"https:\/\/www.facebook.com\/optalent","article_modified_time":"2025-10-28T19:11:08+00:00","og_image":[{"width":1020,"height":586,"url":"https:\/\/www.optalent.ca\/wp-content\/uploads\/2024\/03\/AdobeStock_188194248-min.jpeg","type":"image\/jpeg"}],"twitter_card":"summary_large_image","twitter_misc":{"Estimation du temps de lecture":"7 minutes"},"schema":{"@context":"https:\/\/schema.org","@graph":[{"@type":"WebPage","@id":"https:\/\/www.optalent.ca\/fr\/politique-de-confidentialite\/","url":"https:\/\/www.optalent.ca\/fr\/politique-de-confidentialite\/","name":"Politique de confidentialit\u00e9 - OpTalent","isPartOf":{"@id":"https:\/\/www.optalent.ca\/fr\/#website"},"primaryImageOfPage":{"@id":"https:\/\/www.optalent.ca\/fr\/politique-de-confidentialite\/#primaryimage"},"image":{"@id":"https:\/\/www.optalent.ca\/fr\/politique-de-confidentialite\/#primaryimage"},"thumbnailUrl":"https:\/\/www.optalent.ca\/wp-content\/uploads\/2024\/03\/AdobeStock_188194248-min.jpeg","datePublished":"2024-05-01T20:49:50+00:00","dateModified":"2025-10-28T19:11:08+00:00","description":"La s\u00e9curit\u00e9 de vos donn\u00e9es est notre priorit\u00e9. D\u00e9couvrez comment OpTalent prot\u00e8ge votre vie priv\u00e9e et respecte toutes les r\u00e9glementations.","breadcrumb":{"@id":"https:\/\/www.optalent.ca\/fr\/politique-de-confidentialite\/#breadcrumb"},"inLanguage":"fr-CA","potentialAction":[{"@type":"ReadAction","target":["https:\/\/www.optalent.ca\/fr\/politique-de-confidentialite\/"]}]},{"@type":"ImageObject","inLanguage":"fr-CA","@id":"https:\/\/www.optalent.ca\/fr\/politique-de-confidentialite\/#primaryimage","url":"https:\/\/www.optalent.ca\/wp-content\/uploads\/2024\/03\/AdobeStock_188194248-min.jpeg","contentUrl":"https:\/\/www.optalent.ca\/wp-content\/uploads\/2024\/03\/AdobeStock_188194248-min.jpeg","width":1020,"height":586,"caption":"About us"},{"@type":"BreadcrumbList","@id":"https:\/\/www.optalent.ca\/fr\/politique-de-confidentialite\/#breadcrumb","itemListElement":[{"@type":"ListItem","position":1,"name":"Home","item":"https:\/\/www.optalent.ca\/fr\/"},{"@type":"ListItem","position":2,"name":"Politique de confidentialit\u00e9"}]},{"@type":"WebSite","@id":"https:\/\/www.optalent.ca\/fr\/#website","url":"https:\/\/www.optalent.ca\/fr\/","name":"OPTalent","description":"Recruitment Partner","publisher":{"@id":"https:\/\/www.optalent.ca\/fr\/#organization"},"potentialAction":[{"@type":"SearchAction","target":{"@type":"EntryPoint","urlTemplate":"https:\/\/www.optalent.ca\/fr\/?s={search_term_string}"},"query-input":{"@type":"PropertyValueSpecification","valueRequired":true,"valueName":"search_term_string"}}],"inLanguage":"fr-CA"},{"@type":"Organization","@id":"https:\/\/www.optalent.ca\/fr\/#organization","name":"OPTalent","url":"https:\/\/www.optalent.ca\/fr\/","logo":{"@type":"ImageObject","inLanguage":"fr-CA","@id":"https:\/\/www.optalent.ca\/fr\/#\/schema\/logo\/image\/","url":"https:\/\/www.optalent.ca\/wp-content\/uploads\/2024\/03\/Logo_sans_slogan-100.jpg","contentUrl":"https:\/\/www.optalent.ca\/wp-content\/uploads\/2024\/03\/Logo_sans_slogan-100.jpg","width":512,"height":148,"caption":"OPTalent"},"image":{"@id":"https:\/\/www.optalent.ca\/fr\/#\/schema\/logo\/image\/"},"sameAs":["https:\/\/www.facebook.com\/optalent","https:\/\/www.linkedin.com\/company\/optalent-inc\/"]}]}},"_links":{"self":[{"href":"https:\/\/www.optalent.ca\/fr\/wp-json\/wp\/v2\/pages\/7408","targetHints":{"allow":["GET"]}}],"collection":[{"href":"https:\/\/www.optalent.ca\/fr\/wp-json\/wp\/v2\/pages"}],"about":[{"href":"https:\/\/www.optalent.ca\/fr\/wp-json\/wp\/v2\/types\/page"}],"author":[{"embeddable":true,"href":"https:\/\/www.optalent.ca\/fr\/wp-json\/wp\/v2\/users\/1"}],"replies":[{"embeddable":true,"href":"https:\/\/www.optalent.ca\/fr\/wp-json\/wp\/v2\/comments?post=7408"}],"version-history":[{"count":4,"href":"https:\/\/www.optalent.ca\/fr\/wp-json\/wp\/v2\/pages\/7408\/revisions"}],"predecessor-version":[{"id":7412,"href":"https:\/\/www.optalent.ca\/fr\/wp-json\/wp\/v2\/pages\/7408\/revisions\/7412"}],"wp:featuredmedia":[{"embeddable":true,"href":"https:\/\/www.optalent.ca\/fr\/wp-json\/wp\/v2\/media\/7018"}],"wp:attachment":[{"href":"https:\/\/www.optalent.ca\/fr\/wp-json\/wp\/v2\/media?parent=7408"}],"curies":[{"name":"wp","href":"https:\/\/api.w.org\/{rel}","templated":true}]}}